{"id":9,"date":"2017-07-10T07:58:19","date_gmt":"2017-07-10T07:58:19","guid":{"rendered":"http:\/\/www.zadorfalva.hu\/?page_id=9"},"modified":"2018-04-13T09:46:02","modified_gmt":"2018-04-13T09:46:02","slug":"telepulesunk","status":"publish","type":"page","link":"https:\/\/www.zadorfalva.hu\/?page_id=9","title":{"rendered":"Telep\u00fcl\u00e9s\u00fcnk"},"content":{"rendered":"<p><img loading=\"lazy\" class=\"wp-image-121 size-full alignleft\" src=\"http:\/\/www.zadorfalva.hu\/wp-content\/uploads\/2017\/07\/IMG_0802_e.jpg\" alt=\"\" width=\"800\" height=\"600\" srcset=\"https:\/\/www.zadorfalva.hu\/wp-content\/uploads\/2017\/07\/IMG_0802_e.jpg 800w, https:\/\/www.zadorfalva.hu\/wp-content\/uploads\/2017\/07\/IMG_0802_e-768x576.jpg 768w\" sizes=\"(max-width: 800px) 100vw, 800px\" \/>Komoly t\u00f6rt\u00e9nelmi m\u00faltra tekint vissza, a kor\u00e1bbi kir\u00e1lyi birtokot a Z\u00e1dor csal\u00e1d adom\u00e1nyk\u00e9nt nyerte el. N\u00e9vad\u00f3ja a XIII. sz\u00e1zadban \u00e9lt Z\u00e1dor, t\u0151le sz\u00e1rmazik a Z\u00e1dorfalvi nemzetts\u00e9g, s a falu volt annak k\u00f6zpontja. B\u00e1r a faluban \u0151shonos Z\u00e1doriak kor\u00e1n t\u00f6bb \u00e1gra szakadtak \u00e9s a csal\u00e1d t\u00f6bb \u00e1ga a szomsz\u00e9dos falvakban telepedett meg, m\u00e9gis a csal\u00e1d magva a faluban maradt eg\u00e9szen a 17. sz\u00e1zadig. A falu birtokosai k\u00f6z\u00f6tt tal\u00e1ljuk a D\u00e9r, a Bart\u00f3k \u00e9s a 15. sz\u00e1zadt\u00f3l a g\u00f6m\u00f6ri eredet\u0171 Deme csal\u00e1dot is. A 16. sz\u00e1zadban jelent meg a faluban a Horkay csal\u00e1d, akinek ut\u00f3dait eg\u00e9szen a 20.-ig is megtal\u00e1lhatjuk a telep\u00fcl\u00e9sen. A 16. sz\u00e1zad elej\u00e9t\u0151l tal\u00e1lhatjuk meg Z\u00e1dorfalv\u00e1n a Batha csal\u00e1dot \u00e9s szinten e sz\u00e1zadban jelent meg a falu birtokosai k\u00f6z\u00f6tt a Lenkey csal\u00e1d. A 17. sz\u00e1zadban \u00fajabb birtokos csal\u00e1d megjelen\u00e9se r\u00f6gz\u00edthet\u0151 Z\u00e1dorfalv\u00e1n; amikor a M\u00f3ricz, az Orb\u00e1n, a Hegyik \u00e9s a Nagy csal\u00e1d tagjai szereztek itt birtokokat. A 18. sz\u00e1zad sor\u00e1n a Dusza csal\u00e1d jelenik meg m\u00e9g a falu birtokosai k\u00f6z\u00f6tt.<\/p>\n<p>A ma is l\u00e1that\u00f3 kisnemesi lak\u00f3h\u00e1zak \u00e9s a n\u00e9pi m\u0171eml\u00e9k jelleg\u0171 h\u00e1zak utalnak t\u00f6rt\u00e9nelmi m\u00faltj\u00e1ra. Z\u00e1dorfalva k\u00e9p\u00e9t a k\u00f6z\u00e9pkor \u00e9s az \u00fajkorban is kisnemesi csal\u00e1dok k\u00fari\u00e1i hat\u00e1rozt\u00e1k meg. A legszebb a Szak\u00e1ll-k\u00faria, ami megkap\u00f3 l\u00e1tv\u00e1nyt ny\u00fajt a dombon f\u00f6l\u00f6tte \u00e9p\u00fclt templommal. A f\u00f6ldszintes, homlokzat\u00e1n 7 ny\u00edl\u00e1sos torn\u00e1ccal ell\u00e1tott \u00e9p\u00fcletet 1845-ben \u00e9p\u00edtett\u00e9k k\u00e9s\u0151 klasszicista st\u00edlusban. Fatemplomuk hely\u00e9re a helyiek 1803-ban k\u0151templomot emeltek s\u00edkmennyezetes haj\u00f3val, famennyezet\u00e9nek 108 t\u00e1bl\u00e1ja korabeli fest\u00e9s\u0171, ak\u00e1rcsak a sz\u00f3sz\u00e9k hatsz\u00f6glet\u0171 koron\u00e1ja.<\/p>\n<p>A XIX. sz\u00e1zad k\u00f6zep\u00e9n a falunak nem volt kiemelked\u0151 f\u00f6ldesura, sok kisebb birtok adta a hat\u00e1rt. A k\u00f6zbirtok 25 2\/8 majors\u00e1gi telekb\u0151l \u00e9s 336 hold erd\u0151b\u0151l \u00e1llt. A Szuha-patakon 2 v\u00edzimalom m\u0171k\u00f6d\u00f6tt. A gabona j\u00f3l termett, a r\u00e9tek, a legel\u0151k az \u00e1llat\u00e1llom\u00e1ny gyarapod\u00e1s\u00e1t szolg\u00e1lt\u00e1k. Az 1930-as \u00e9vekben a k\u00f6zs\u00e9g ter\u00fclet\u00e9hez tartozott Latr\u00e1ntanya is. Ekkor a saj\u00f3szentp\u00e9teri j\u00e1r\u00e1shoz tartoz\u00f3 telep\u00fcl\u00e9sen 790, d\u00f6nt\u0151en reform\u00e1tus ember \u00e9lt. Z\u00e1dorfalva f\u0151jegyz\u0151s\u00e9gi sz\u00e9khelyk\u00e9nt m\u0171k\u00f6d\u00f6tt. A telep\u00fcl\u00e9s a XX. Sz\u00e1zad m\u00e1sodik fel\u00e9ben tov\u00e1bb n\u00f6vekedett. Ide tartozott Bak\u00f3puszta, Iv\u00e1nfalva-puszta, Latr\u00e1npuszta, Latr\u00e1ntanya, Potrec. A j\u00e1r\u00e1si beoszt\u00e1s megv\u00e1ltozott, 1962-ben az \u00f3zdi j\u00e1r\u00e1shoz sorolt\u00e1k. Lakoss\u00e1ga 1970-t\u0151l lassan de folyamatosan cs\u00f6kken, jelenleg a 150 \u00e9vvel ezel\u0151ttit sem \u00e9ri el. Az elv\u00e1ndorl\u00e1shoz az ut\u00f3bbi \u00e9vekben hozz\u00e1j\u00e1rul a munkalehet\u0151s\u00e9gek besz\u0171k\u00fcl\u00e9se.<\/p>\n<p>A k\u00f6zs\u00e9gben 2 m\u0171eml\u00e9ki jelleg\u0171v\u00e9 min\u0151s\u00edtett \u00e9p\u00fclet l\u00e1that\u00f3. Egyik az 1803-ban elk\u00e9sz\u00fclt reform\u00e1tus templom, amelynek famennyezet\u00e9nek kazett\u00e1i kartusos d\u00edsz\u00edt\u00e9s\u0171ek. Sz\u00f3sz\u00e9k\u00e9nek alja falazott, mellv\u00e9dje \u00e9s koron\u00e1ja f\u00e1b\u00f3l k\u00e9sz\u00fclt k\u00e9s\u0151 barokk munka.<\/p>\n<p>A m\u00e1sik m\u0171eml\u00e9ki jelleg\u0171 \u00e9p\u00fclet a reform\u00e1tus lelk\u00e9szlak, amely 1845-ben k\u00e9s\u0151 klasszicista st\u00edlusban \u00e9p\u00fclt. 1986-ban fel\u00faj\u00edtott\u00e1k Jelenleg gy\u00fclekezeti teremk\u00e9nt, haszn\u00e1lj\u00e1k.<\/p>\n<p><img loading=\"lazy\" class=\"alignleft wp-image-117 size-full\" src=\"http:\/\/www.zadorfalva.hu\/wp-content\/uploads\/2017\/07\/kuria.jpg\" alt=\"\" width=\"450\" height=\"337\" \/>A telep\u00fcl\u00e9st meghat\u00e1roz\u00f3 kisnemesi k\u00fari\u00e1k egy r\u00e9sze a mai napig megmaradt. A ma m\u00e1r t\u00f6bbnyire mag\u00e1nk\u00e9zben l\u00e9v\u0151 k\u00fari\u00e1k fel\u00faj\u00edtott \u00e1llapotukban tov\u00e1bbra is hordozz\u00e1k a falu jellegzetes hangulat\u00e1t, meg\u0151rizv\u00e9n \u00e9rt\u00e9kes \u00e9p\u00edt\u00e9szeti eml\u00e9keit. A faluban fennmaradt oszlopos, torn\u00e1cos kisnemesi lak\u00f3h\u00e1zak k\u00f6z\u00fcl ma is l\u00e1thatjuk a Horkay, a Lenkey, a Batha \u00e9s a Deme csal\u00e1d egykori k\u00fari\u00e1it.<\/p>\n<p>Eml\u00edt\u00e9st \u00e9rdemel m\u00e9g a Z\u00e1dorfalv\u00e1t Rag\u00e1llyal \u00f6sszek\u00f6t\u0151 \u00fat ment\u00e9n tal\u00e1lhat\u00f3 fasor, melynek \u00e1llom\u00e1nya t\u00f6bbnyire vadgesztenye, ny\u00e1r \u00e9s ez\u00fcstjuhar f\u00e1kb\u00f3l \u00e1ll. A 20-30 m\u00e9ter magas ez\u00fcstjuhar f\u00e1i el\u00e9rhetik a 100-150 \u00e9ves kort is.<\/p>\n","protected":false},"excerpt":{"rendered":"<p>Komoly t\u00f6rt\u00e9nelmi m\u00faltra tekint vissza, a kor\u00e1bbi kir\u00e1lyi birtokot a Z\u00e1dor csal\u00e1d adom\u00e1nyk\u00e9nt nyerte el. N\u00e9vad\u00f3ja a XIII. sz\u00e1zadban \u00e9lt Z\u00e1dor, t\u0151le sz\u00e1rmazik a Z\u00e1dorfalvi nemzetts\u00e9g, s a falu volt annak k\u00f6zpontja. B\u00e1r a faluban \u0151shonos Z\u00e1doriak kor\u00e1n t\u00f6bb \u00e1gra szakadtak \u00e9s a csal\u00e1d t\u00f6bb \u00e1ga a szomsz\u00e9dos falvakban telepedett meg, m\u00e9gis a csal\u00e1d magva [&hellip;]<\/p>\n","protected":false},"author":2,"featured_media":0,"parent":0,"menu_order":0,"comment_status":"closed","ping_status":"closed","template":"","meta":[],"_links":{"self":[{"href":"https:\/\/www.zadorfalva.hu\/index.php?rest_route=\/wp\/v2\/pages\/9"}],"collection":[{"href":"https:\/\/www.zadorfalva.hu\/index.php?rest_route=\/wp\/v2\/pages"}],"about":[{"href":"https:\/\/www.zadorfalva.hu\/index.php?rest_route=\/wp\/v2\/types\/page"}],"author":[{"embeddable":true,"href":"https:\/\/www.zadorfalva.hu\/index.php?rest_route=\/wp\/v2\/users\/2"}],"replies":[{"embeddable":true,"href":"https:\/\/www.zadorfalva.hu\/index.php?rest_route=%2Fwp%2Fv2%2Fcomments&post=9"}],"version-history":[{"count":6,"href":"https:\/\/www.zadorfalva.hu\/index.php?rest_route=\/wp\/v2\/pages\/9\/revisions"}],"predecessor-version":[{"id":122,"href":"https:\/\/www.zadorfalva.hu\/index.php?rest_route=\/wp\/v2\/pages\/9\/revisions\/122"}],"wp:attachment":[{"href":"https:\/\/www.zadorfalva.hu\/index.php?rest_route=%2Fwp%2Fv2%2Fmedia&parent=9"}],"curies":[{"name":"wp","href":"https:\/\/api.w.org\/{rel}","templated":true}]}}