{"id":25,"date":"2017-07-10T08:00:47","date_gmt":"2017-07-10T08:00:47","guid":{"rendered":"http:\/\/www.zadorfalva.hu\/?page_id=25"},"modified":"2020-09-16T04:24:05","modified_gmt":"2020-09-16T04:24:05","slug":"ugyintezes","status":"publish","type":"page","link":"https:\/\/www.zadorfalva.hu\/?page_id=25","title":{"rendered":"\u00dcgyint\u00e9z\u00e9s"},"content":{"rendered":"<h4>&#8211; \u00dcgyint\u00e9z\u0151k<\/h4>\n<p>Ablonczyn\u00e9 B\u00e1nszky Ilona gazdas\u00e1gi el\u0151ad\u00f3<br \/>\nTel.: 06-48\/358-001<br \/>\ne-mail: <a href=\"mailto:banszky.ilona@zadorfalva.hu\">banszky.ilona@zadorfalva.hu<\/a><\/p>\n<p>Mik\u00f3 Mariann gazdas\u00e1gi el\u0151ad\u00f3<br \/>\nTel.: 06-48\/358-001<br \/>\ne-mail: <a href=\"http:\/\/mail.gtel.hu\/squirrelmail\/src\/compose.php?send_to=marian.miko%40zadorfalva.hu\">marian.miko@zadorfalva.hu<\/a><\/p>\n<p>Moln\u00e1rn\u00e9 Miskolczi Andrea igazgat\u00e1si \u00fcgyint\u00e9z\u0151 \u00e9s ad\u00f3\u00fcgyi \u00fcgyint\u00e9z\u0151<br \/>\nTel.: 06-48\/358-001<br \/>\ne-mail: <a href=\"mailto:molnarne.andrea@zadorfalva.hu\">molnarne.andrea@zadorfalva.hu<\/a><\/p>\n<h4>-Nyomtatv\u00e1nyok<\/h4>\n<ul>\n<li>Rendszeres gyermekv\u00e9delmi kedvezm\u00e9ny<\/li>\n<li>Telep\u00fcl\u00e9si t\u00e1mogat\u00e1s<\/li>\n<li>Bevall\u00e1s a mag\u00e1nszem\u00e9ly kommun\u00e1lis ad\u00f3j\u00e1r\u00f3l<\/li>\n<li>M\u0171k\u00f6d\u00e9si enged\u00e9ly<\/li>\n<\/ul>\n","protected":false},"excerpt":{"rendered":"<p>&#8211; \u00dcgyint\u00e9z\u0151k Ablonczyn\u00e9 B\u00e1nszky Ilona gazdas\u00e1gi el\u0151ad\u00f3 Tel.: 06-48\/358-001 e-mail: banszky.ilona@zadorfalva.hu Mik\u00f3 Mariann gazdas\u00e1gi el\u0151ad\u00f3 Tel.: 06-48\/358-001 e-mail: marian.miko@zadorfalva.hu Moln\u00e1rn\u00e9 Miskolczi Andrea igazgat\u00e1si \u00fcgyint\u00e9z\u0151 \u00e9s ad\u00f3\u00fcgyi \u00fcgyint\u00e9z\u0151 Tel.: 06-48\/358-001 e-mail: molnarne.andrea@zadorfalva.hu -Nyomtatv\u00e1nyok Rendszeres gyermekv\u00e9delmi kedvezm\u00e9ny Telep\u00fcl\u00e9si t\u00e1mogat\u00e1s Bevall\u00e1s a mag\u00e1nszem\u00e9ly kommun\u00e1lis ad\u00f3j\u00e1r\u00f3l M\u0171k\u00f6d\u00e9si enged\u00e9ly<\/p>\n","protected":false},"author":2,"featured_media":0,"parent":0,"menu_order":0,"comment_status":"closed","ping_status":"closed","template":"","meta":[],"_links":{"self":[{"href":"https:\/\/www.zadorfalva.hu\/index.php?rest_route=\/wp\/v2\/pages\/25"}],"collection":[{"href":"https:\/\/www.zadorfalva.hu\/index.php?rest_route=\/wp\/v2\/pages"}],"about":[{"href":"https:\/\/www.zadorfalva.hu\/index.php?rest_route=\/wp\/v2\/types\/page"}],"author":[{"embeddable":true,"href":"https:\/\/www.zadorfalva.hu\/index.php?rest_route=\/wp\/v2\/users\/2"}],"replies":[{"embeddable":true,"href":"https:\/\/www.zadorfalva.hu\/index.php?rest_route=%2Fwp%2Fv2%2Fcomments&post=25"}],"version-history":[{"count":6,"href":"https:\/\/www.zadorfalva.hu\/index.php?rest_route=\/wp\/v2\/pages\/25\/revisions"}],"predecessor-version":[{"id":214,"href":"https:\/\/www.zadorfalva.hu\/index.php?rest_route=\/wp\/v2\/pages\/25\/revisions\/214"}],"wp:attachment":[{"href":"https:\/\/www.zadorfalva.hu\/index.php?rest_route=%2Fwp%2Fv2%2Fmedia&parent=25"}],"curies":[{"name":"wp","href":"https:\/\/api.w.org\/{rel}","templated":true}]}}