{"id":393,"date":"2023-10-30T09:31:30","date_gmt":"2023-10-30T09:31:30","guid":{"rendered":"https:\/\/www.zadorfalva.hu\/?page_id=393"},"modified":"2023-10-30T09:31:30","modified_gmt":"2023-10-30T09:31:30","slug":"2024-evi-altalanos-valasztasok","status":"publish","type":"page","link":"http:\/\/www.zadorfalva.hu\/?page_id=393","title":{"rendered":"2024. \u00e9vi \u00e1ltal\u00e1nos v\u00e1laszt\u00e1sok"},"content":{"rendered":"","protected":false},"excerpt":{"rendered":"","protected":false},"author":2,"featured_media":0,"parent":0,"menu_order":0,"comment_status":"closed","ping_status":"closed","template":"","meta":[],"_links":{"self":[{"href":"http:\/\/www.zadorfalva.hu\/index.php?rest_route=\/wp\/v2\/pages\/393"}],"collection":[{"href":"http:\/\/www.zadorfalva.hu\/index.php?rest_route=\/wp\/v2\/pages"}],"about":[{"href":"http:\/\/www.zadorfalva.hu\/index.php?rest_route=\/wp\/v2\/types\/page"}],"author":[{"embeddable":true,"href":"http:\/\/www.zadorfalva.hu\/index.php?rest_route=\/wp\/v2\/users\/2"}],"replies":[{"embeddable":true,"href":"http:\/\/www.zadorfalva.hu\/index.php?rest_route=%2Fwp%2Fv2%2Fcomments&post=393"}],"version-history":[{"count":1,"href":"http:\/\/www.zadorfalva.hu\/index.php?rest_route=\/wp\/v2\/pages\/393\/revisions"}],"predecessor-version":[{"id":394,"href":"http:\/\/www.zadorfalva.hu\/index.php?rest_route=\/wp\/v2\/pages\/393\/revisions\/394"}],"wp:attachment":[{"href":"http:\/\/www.zadorfalva.hu\/index.php?rest_route=%2Fwp%2Fv2%2Fmedia&parent=393"}],"curies":[{"name":"wp","href":"https:\/\/api.w.org\/{rel}","templated":true}]}}