{"id":27,"date":"2017-07-10T08:00:59","date_gmt":"2017-07-10T08:00:59","guid":{"rendered":"http:\/\/www.zadorfalva.hu\/?page_id=27"},"modified":"2020-05-13T14:00:48","modified_gmt":"2020-05-13T14:00:48","slug":"kapcsolat","status":"publish","type":"page","link":"http:\/\/www.zadorfalva.hu\/?page_id=27","title":{"rendered":"Kapcsolat"},"content":{"rendered":"<h3>Z\u00e1dorfalva K\u00f6zs\u00e9g \u00d6nkorm\u00e1nyzat \u00dcgyf\u00e9lfogad\u00e1sa:<\/h3>\n<p>H\u00e9tf\u0151 : 8-15<br \/>\nKedd: 8-15<br \/>\nSzerda: 12-15<\/p>\n<h3>Horv\u00e1th Tibor polg\u00e1rmester<\/h3>\n<p>Te.: 06-48\/358-001<br \/>\ne-mail: <a href=\"mailto:polgarmester@zadorfalva.hu\">polgarmester@zadorfalva.hu<\/a>,<br \/>\n\u00dcgyf\u00e9lfogad\u00e1s:<\/p>\n<p style=\"padding-left: 40px;\">H\u00e9tf\u0151 : 8-15<br \/>\nKedd: 8-15<br \/>\nSzerda: 12-15<\/p>\n<h3>Nagy J\u00e1nos jegyz\u0151<\/h3>\n<p>Tel.: 06-48\/358-001<br \/>\ne-mail: <a href=\"mailto:onkormanyzat@zadorfalva.hu\">onkormanyzat@zadorfalva.hu<\/a><br \/>\n\u00dcgyf\u00e9lfogad\u00e1s:\u00a0\u00a0\u00a0\u00a0\u00a0\u00a0\u00a0\u00a0\u00a0\u00a0\u00a0\u00a0\u00a0 Kedd: 12:00-15:00<\/p>\n<h3>J\u00e1r\u00e1si \u00fcgyseg\u00e9d: G\u00e1l Ott\u00f3n\u00e9<\/h3>\n<p>\u00dcgyf\u00e9lfogad\u00e1sa: \u00a0\u00a0\u00a0\u00a0\u00a0\u00a0\u00a0\u00a0\u00a0 Szerda\u00a0\u00a0\u00a0\u00a0\u00a0\u00a0\u00a0 12:30-15:30<\/p>\n<h3>Kir\u00e1ldi K\u00f6z\u00f6s Csal\u00e1d- \u00e9s gyermekj\u00f3l\u00e9ti Szolg\u00e1lat Petrenk\u00f3-Nagy Alexandra<\/h3>\n<p>Telefon: 48\/531-039<\/p>\n<h3>Z\u00e1dorfalva k\u00f6rzeti megb\u00edzott: \u00a0\u00a0\u00a0\u00a0\u00a0\u00a0\u00a0\u00a0 S\u00fctt\u0151 Attila<\/h3>\n<p>Fogad\u00f3\u00f3r\u00e1k: Minden h\u00f3nap els\u0151 teljes het\u00e9nek cs\u00fct\u00f6rt\u00f6ki napja.<br \/>\nZ\u00e1dorfalva Polg\u00e1rmesteri Hivatal: 09:00-10:00<br \/>\nSzuhaf\u0151i Polg\u00e1rmesteri Hivatal: 10:30-11:30<br \/>\nAls\u00f3szuhai Polg\u00e1rmesteri Hivatal:12:00-13:00<\/p>\n","protected":false},"excerpt":{"rendered":"<p>Z\u00e1dorfalva K\u00f6zs\u00e9g \u00d6nkorm\u00e1nyzat \u00dcgyf\u00e9lfogad\u00e1sa: H\u00e9tf\u0151 : 8-15 Kedd: 8-15 Szerda: 12-15 Horv\u00e1th Tibor polg\u00e1rmester Te.: 06-48\/358-001 e-mail: polgarmester@zadorfalva.hu, \u00dcgyf\u00e9lfogad\u00e1s: H\u00e9tf\u0151 : 8-15 Kedd: 8-15 Szerda: 12-15 Nagy J\u00e1nos jegyz\u0151 Tel.: 06-48\/358-001 e-mail: onkormanyzat@zadorfalva.hu \u00dcgyf\u00e9lfogad\u00e1s:\u00a0\u00a0\u00a0\u00a0\u00a0\u00a0\u00a0\u00a0\u00a0\u00a0\u00a0\u00a0\u00a0 Kedd: 12:00-15:00 J\u00e1r\u00e1si \u00fcgyseg\u00e9d: G\u00e1l Ott\u00f3n\u00e9 \u00dcgyf\u00e9lfogad\u00e1sa: \u00a0\u00a0\u00a0\u00a0\u00a0\u00a0\u00a0\u00a0\u00a0 Szerda\u00a0\u00a0\u00a0\u00a0\u00a0\u00a0\u00a0 12:30-15:30 Kir\u00e1ldi K\u00f6z\u00f6s Csal\u00e1d- \u00e9s gyermekj\u00f3l\u00e9ti Szolg\u00e1lat Petrenk\u00f3-Nagy Alexandra Telefon: 48\/531-039 Z\u00e1dorfalva [&hellip;]<\/p>\n","protected":false},"author":2,"featured_media":0,"parent":0,"menu_order":0,"comment_status":"closed","ping_status":"closed","template":"","meta":[],"_links":{"self":[{"href":"http:\/\/www.zadorfalva.hu\/index.php?rest_route=\/wp\/v2\/pages\/27"}],"collection":[{"href":"http:\/\/www.zadorfalva.hu\/index.php?rest_route=\/wp\/v2\/pages"}],"about":[{"href":"http:\/\/www.zadorfalva.hu\/index.php?rest_route=\/wp\/v2\/types\/page"}],"author":[{"embeddable":true,"href":"http:\/\/www.zadorfalva.hu\/index.php?rest_route=\/wp\/v2\/users\/2"}],"replies":[{"embeddable":true,"href":"http:\/\/www.zadorfalva.hu\/index.php?rest_route=%2Fwp%2Fv2%2Fcomments&post=27"}],"version-history":[{"count":7,"href":"http:\/\/www.zadorfalva.hu\/index.php?rest_route=\/wp\/v2\/pages\/27\/revisions"}],"predecessor-version":[{"id":207,"href":"http:\/\/www.zadorfalva.hu\/index.php?rest_route=\/wp\/v2\/pages\/27\/revisions\/207"}],"wp:attachment":[{"href":"http:\/\/www.zadorfalva.hu\/index.php?rest_route=%2Fwp%2Fv2%2Fmedia&parent=27"}],"curies":[{"name":"wp","href":"https:\/\/api.w.org\/{rel}","templated":true}]}}