{"id":261,"date":"2021-07-21T06:52:23","date_gmt":"2021-07-21T06:52:23","guid":{"rendered":"http:\/\/www.zadorfalva.hu\/?page_id=261"},"modified":"2021-07-21T07:01:46","modified_gmt":"2021-07-21T07:01:46","slug":"rendszeres-gyermekvedelmi-kedvezmeny","status":"publish","type":"page","link":"http:\/\/www.zadorfalva.hu\/?page_id=261","title":{"rendered":"Nyomtatv\u00e1nyok"},"content":{"rendered":"\n<p><a href=\"http:\/\/www.zadorfalva.hu\/wp-content\/uploads\/2021\/07\/GENERIC_22BW-7_03292.pdf\" target=\"_blank\" rel=\"noreferrer noopener\" aria-label=\"Formanyomtatv\u00e1ny a rendszeres gyermekv\u00e9delmi kedvezm\u00e9ny meg\u00e1llap\u00edt\u00e1s\u00e1hoz \u00e9s fel\u00fclvizsg\u00e1lat\u00e1hoz innen t\u00f6lthet\u0151 le. (\u00faj f\u00fcl\u00f6n nyitja meg)\">Formanyomtatv\u00e1ny a rendszeres gyermekv\u00e9delmi kedvezm\u00e9ny meg\u00e1llap\u00edt\u00e1s\u00e1hoz \u00e9s fel\u00fclvizsg\u00e1lat\u00e1hoz innen t\u00f6lthet\u0151 le.<\/a><\/p>\n","protected":false},"excerpt":{"rendered":"<p>Formanyomtatv\u00e1ny a rendszeres gyermekv\u00e9delmi kedvezm\u00e9ny meg\u00e1llap\u00edt\u00e1s\u00e1hoz \u00e9s fel\u00fclvizsg\u00e1lat\u00e1hoz innen t\u00f6lthet\u0151 le.<\/p>\n","protected":false},"author":2,"featured_media":0,"parent":0,"menu_order":0,"comment_status":"closed","ping_status":"closed","template":"","meta":[],"_links":{"self":[{"href":"http:\/\/www.zadorfalva.hu\/index.php?rest_route=\/wp\/v2\/pages\/261"}],"collection":[{"href":"http:\/\/www.zadorfalva.hu\/index.php?rest_route=\/wp\/v2\/pages"}],"about":[{"href":"http:\/\/www.zadorfalva.hu\/index.php?rest_route=\/wp\/v2\/types\/page"}],"author":[{"embeddable":true,"href":"http:\/\/www.zadorfalva.hu\/index.php?rest_route=\/wp\/v2\/users\/2"}],"replies":[{"embeddable":true,"href":"http:\/\/www.zadorfalva.hu\/index.php?rest_route=%2Fwp%2Fv2%2Fcomments&post=261"}],"version-history":[{"count":4,"href":"http:\/\/www.zadorfalva.hu\/index.php?rest_route=\/wp\/v2\/pages\/261\/revisions"}],"predecessor-version":[{"id":267,"href":"http:\/\/www.zadorfalva.hu\/index.php?rest_route=\/wp\/v2\/pages\/261\/revisions\/267"}],"wp:attachment":[{"href":"http:\/\/www.zadorfalva.hu\/index.php?rest_route=%2Fwp%2Fv2%2Fmedia&parent=261"}],"curies":[{"name":"wp","href":"https:\/\/api.w.org\/{rel}","templated":true}]}}