{"id":164,"date":"2018-05-29T07:34:54","date_gmt":"2018-05-29T07:34:54","guid":{"rendered":"http:\/\/www.zadorfalva.hu\/?page_id=164"},"modified":"2023-02-14T13:01:35","modified_gmt":"2023-02-14T13:01:35","slug":"ovoda-fejlesztese-zadorfalvan","status":"publish","type":"page","link":"http:\/\/www.zadorfalva.hu\/?page_id=164","title":{"rendered":"\u00d3voda fejleszt\u00e9se Z\u00e1dorfalv\u00e1n"},"content":{"rendered":"<p><strong>a kedvezm\u00e9nyezett neve: Z\u00e1dorfalva K\u00f6zs\u00e9g \u00d6nkorm\u00e1nyzata<\/strong><\/p>\n<p><strong>a projekt c\u00edme:<\/strong> \u00d3voda fejleszt\u00e9se Z\u00e1dorfalv\u00e1n<\/p>\n<p><strong>a szerz\u0151d\u00f6tt t\u00e1mogat\u00e1s \u00f6sszege:<\/strong> 79.002.431,- Ft<\/p>\n<p><strong>a t\u00e1mogat\u00e1s m\u00e9rt\u00e9ke (%-ban): 100%<\/strong><\/p>\n<p><strong>a projekt tartalm\u00e1nak bemutat\u00e1sa<\/strong><\/p>\n<p style=\"padding-left: 60px;\">A gyermekj\u00f3l\u00e9ti alapell\u00e1t\u00e1sokhoz (b\u00f6lcs\u0151de, mini b\u00f6lcs\u0151de, csal\u00e1di b\u00f6lcs\u0151de), valamint az \u00f3vodai ell\u00e1t\u00e1shoz val\u00f3 hozz\u00e1f\u00e9r\u00e9s jav\u00edt\u00e1s\u00e1t \u00e9s a szolg\u00e1ltat\u00e1sok min\u0151s\u00e9g\u00e9nek fejleszt\u00e9s\u00e9t szolg\u00e1l\u00f3 felh\u00edv\u00e1s f\u0151 c\u00e9lja a kisgyermeket nevel\u0151k munkav\u00e1llal\u00e1s\u00e1nak t\u00e1mogat\u00e1sa, a csal\u00e1dok seg\u00edt\u00e9se, k\u00fcl\u00f6n\u00f6sen a legh\u00e1tr\u00e1nyosabb helyzet\u0171 t\u00e9rs\u00e9gekben l\u00e9v\u0151 gyermekek min\u00e9l kor\u00e1bbi \u00e9letkorban t\u00f6rt\u00e9n\u0151 megseg\u00edt\u00e9se. A felh\u00edv\u00e1s a 3 \u00e9ves kor alatti gyermekek napk\u00f6zbeni elhelyez\u00e9s\u00e9t \u00e9s a 3-6 \u00e9ves gyerekek \u00f3vodai elhelyez\u00e9s\u00e9t t\u00e1mogatja.\u00a0A gyermekj\u00f3l\u00e9ti alapell\u00e1t\u00e1sokhoz (b\u00f6lcs\u0151de, mini b\u00f6lcs\u0151de, csal\u00e1di b\u00f6lcs\u0151de), valamint az \u00f3vodai ell\u00e1t\u00e1shoz val\u00f3 hozz\u00e1f\u00e9r\u00e9s jav\u00edt\u00e1s\u00e1t \u00e9s a szolg\u00e1ltat\u00e1sok min\u0151s\u00e9g\u00e9nek fejleszt\u00e9s\u00e9t szolg\u00e1l\u00f3 felh\u00edv\u00e1s f\u0151 c\u00e9lja a kisgyermeket nevel\u0151k munkav\u00e1llal\u00e1s\u00e1nak t\u00e1mogat\u00e1sa, a csal\u00e1dok seg\u00edt\u00e9se, k\u00fcl\u00f6n\u00f6sen a legh\u00e1tr\u00e1nyosabb helyzet\u0171 t\u00e9rs\u00e9gekben l\u00e9v\u0151 gyermekek min\u00e9l kor\u00e1bbi \u00e9letkorban t\u00f6rt\u00e9n\u0151 megseg\u00edt\u00e9se. A felh\u00edv\u00e1s a 3 \u00e9ves kor alatti gyermekek napk\u00f6zbeni elhelyez\u00e9s\u00e9t \u00e9s a 3-6 \u00e9ves gyerekek \u00f3vodai elhelyez\u00e9s\u00e9t t\u00e1mogatja.\u00a0Jelen projekt keret\u00e9ben Z\u00e1dorfalva K\u00f6zs\u00e9g \u00d6nkorm\u00e1nyzata \u00d3vod\u00e1j\u00e1t k\u00edv\u00e1nja fejleszteni, a fent nevezett c\u00e9lok el\u00e9r\u00e9se \u00e9rdek\u00e9ben. A projekt keret\u00e9ben az \u00f3voda fejleszt\u00e9s\u00e9vel az \u00f6nkorm\u00e1nyzat \u00e1tfog\u00f3 c\u00e9lja a n\u0151k munkaer\u0151-piaci r\u00e9szv\u00e9tel\u00e9nek el\u0151seg\u00edt\u00e9se a kisgyermekek sz\u00e1m\u00e1ra a napk\u00f6zbeni elhelyez\u00e9st biztos\u00edt\u00f3 int\u00e9zm\u00e9nyek \u00e1ltal ny\u00fajtott szolg\u00e1ltat\u00e1sok min\u0151s\u00e9g\u00e9nek fejleszt\u00e9se r\u00e9v\u00e9n; az \u00f3vodai ell\u00e1t\u00e1shoz val\u00f3 hozz\u00e1f\u00e9r\u00e9s jav\u00edt\u00e1sa \u00e9s a szolg\u00e1ltat\u00e1s min\u0151s\u00e9gi fejleszt\u00e9se; a kisgyermekeket nevel\u0151k munkav\u00e1llal\u00e1s\u00e1nak t\u00e1mogat\u00e1sa, a csal\u00e1dok seg\u00edt\u00e9se; a legh\u00e1tr\u00e1nyosabb helyzet\u0171 t\u00e9rs\u00e9gekben l\u00e9v\u0151 gyermekek min\u00e9l kor\u00e1bbi \u00e9letkorban t\u00f6rt\u00e9n\u0151 megseg\u00edt\u00e9se; egyenl\u0151 es\u00e9ly\u0171 hozz\u00e1f\u00e9r\u00e9s, es\u00e9lyegyenl\u0151s\u00e9g megteremt\u00e9se az oktat\u00e1si-nevel\u00e9si int\u00e9zm\u00e9nyekben; a min\u0151s\u00e9gi nevel\u00e9s megteremt\u00e9s\u00e9hez sz\u00fcks\u00e9ges felt\u00e9telek biztos\u00edt\u00e1sa, a versenyk\u00e9pes tud\u00e1s elsaj\u00e1t\u00edt\u00e1s\u00e1hoz sz\u00fcks\u00e9ges infrastrukt\u00fara \u00e9s eszk\u00f6zfejleszt\u00e9s; t\u00e1rsadalmi koh\u00e9zi\u00f3; a telep\u00fcl\u00e9s n\u00e9pess\u00e9gmegtart\u00f3 erej\u00e9nek n\u00f6vel\u00e9se, a telep\u00fcl\u00e9s fiatal, k\u00e9pzett munkaer\u0151t megtart\u00f3 lehet\u0151s\u00e9geinek n\u00f6vel\u00e9se, el\u00e9gedetts\u00e9g n\u00f6vel\u00e9se; az int\u00e9zm\u00e9ny racion\u00e1lis \u00e9s k\u00f6lts\u00e9ghat\u00e9kony m\u0171k\u00f6dtet\u00e9se, energiatakar\u00e9koss\u00e1g; az oktat\u00e1snevel\u00e9s min\u0151s\u00e9g\u00e9nek \u00e9s hat\u00e9konys\u00e1g\u00e1nak n\u00f6vel\u00e9se, a megl\u00e9v\u0151 k\u00fcl\u00f6nbs\u00e9gek cs\u00f6kkent\u00e9se; a saj\u00e1tos nevel\u00e9si ig\u00e9ny\u0171 \u00e9s a h\u00e1tr\u00e1nyos helyzet\u0171 tanul\u00f3k integr\u00e1ci\u00f3j\u00e1nak el\u0151seg\u00edt\u00e9se; valamint korszer\u0171 \u00e9s eg\u00e9szs\u00e9ges fejl\u0151d\u00e9shez sz\u00fcks\u00e9ges felt\u00e9telek biztos\u00edt\u00e1sa.\u00a0A fejleszt\u00e9s \u00e1ltal el\u00e9rend\u0151 specifikus c\u00e9lok gyermekek kulcskompetenci\u00e1inak fejleszt\u00e9s \u00e9rdek\u00e9ben az int\u00e9zm\u00e9ny infrastruktur\u00e1lis fejleszt\u00e9se; az \u00f3vod\u00e1ba j\u00e1r\u00f3 gyermekek sz\u00e1m\u00e1nak megfelel\u0151 mennyis\u00e9g\u0171 \u00e9s min\u0151s\u00e9g\u0171 terem \u00e9s csoportszoba biztos\u00edt\u00e1sa; eszk\u00f6zbeszerz\u00e9s seg\u00edts\u00e9g\u00e9vel a f\u0151z\u0151konyha \u00e9s a csoportszoba felszerel\u00e9se, valamint az int\u00e9zm\u00e9ny energia- \u00e9s k\u00f6lts\u00e9ghat\u00e9kony m\u0171k\u00f6d\u00e9s\u00e9nek megteremt\u00e9se. A projekt keret\u00e9ben az \u00e9p\u00fclet \u00e1ltal\u00e1nos \u00e1llagmeg\u00f3v\u00f3 \u00e9s \u00e1llagjav\u00edt\u00f3 valamint energetikai korszer\u0171s\u00edt\u00e9s\u00e9t, illetve kis l\u00e9pt\u00e9k\u0171 b\u0151v\u00edt\u00e9st tervezz\u00fck. Az \u00e9p\u00fclet k\u00e9t helyen b\u0151v\u00fcl. Az \u00e9szakkeleti rakt\u00e1r r\u00e9sz, illetve a konyh\u00e1hoz egy \u00f6lt\u00f6z\u0151 \u00e9s vizesblokk k\u00e9sz\u00fcl. Emellett a rakt\u00e1rakat olyan m\u00f3don alak\u00edtjuk ki, hogy kiz\u00e1r\u00f3lag k\u00f6zleked\u0151n kereszt\u00fcl juthassunk el a konyh\u00e1ba, illetve a bej\u00e1ratt\u00f3l k\u00f6zvetlen\u00fcl juthassunk el az \u00f6lt\u00f6z\u0151be \u00e9s mosd\u00f3ba. A m\u00e1sik b\u0151v\u00edt\u00e9s c\u00e9lja egy \u00faj bej\u00e1rat kialak\u00edt\u00e1sa, valamint a megl\u00e9v\u0151 vizesblokk akad\u00e1lymentes wc-vel, illetve egy feln\u0151tt \u00f6lt\u00f6z\u0151 mosd\u00f3 blokkal t\u00f6rt\u00e9n\u0151 b\u0151v\u00edt\u00e9se. A megl\u00e9v\u0151 bej\u00e1ratot megsz\u00fcntetve az ajt\u00f3 hely\u00e9n egy ablak ker\u00fcl kialak\u00edt\u00e1sra, illetve irod\u00e1t alak\u00edtunk ki bel\u0151le. A megl\u00e9v\u0151 irod\u00e1b\u00f3l alak\u00edtjuk ki az \u00faj \u00f6lt\u00f6z\u0151t.<\/p>\n<ul>\n<li><strong>a projekt tervezett befejez\u00e9si d\u00e1tuma:\u00a0 2019.06.06.<\/strong><\/li>\n<li><strong>a projekt fizikai befejez\u00e9s\u00e9nek d\u00e1tuma: 2020.08.29.<\/strong><\/li>\n<li><strong>projekt azonos\u00edt\u00f3 sz\u00e1ma:<\/strong> TOP-1.4.1-15-BO1-2016-00055<\/li>\n<\/ul>\n<p><img loading=\"lazy\" class=\"wp-image-174 alignright\" src=\"http:\/\/www.zadorfalva.hu\/wp-content\/uploads\/2018\/05\/infoblokk_kedv_final_CMYK_ERFA.jpg\" alt=\"\" width=\"500\" height=\"345\" srcset=\"http:\/\/www.zadorfalva.hu\/wp-content\/uploads\/2018\/05\/infoblokk_kedv_final_CMYK_ERFA.jpg 1453w, http:\/\/www.zadorfalva.hu\/wp-content\/uploads\/2018\/05\/infoblokk_kedv_final_CMYK_ERFA-768x531.jpg 768w\" sizes=\"(max-width: 500px) 100vw, 500px\" \/><\/p>\n","protected":false},"excerpt":{"rendered":"<p>a kedvezm\u00e9nyezett neve: Z\u00e1dorfalva K\u00f6zs\u00e9g \u00d6nkorm\u00e1nyzata a projekt c\u00edme: \u00d3voda fejleszt\u00e9se Z\u00e1dorfalv\u00e1n a szerz\u0151d\u00f6tt t\u00e1mogat\u00e1s \u00f6sszege: 79.002.431,- Ft a t\u00e1mogat\u00e1s m\u00e9rt\u00e9ke (%-ban): 100% a projekt tartalm\u00e1nak bemutat\u00e1sa A gyermekj\u00f3l\u00e9ti alapell\u00e1t\u00e1sokhoz (b\u00f6lcs\u0151de, mini b\u00f6lcs\u0151de, csal\u00e1di b\u00f6lcs\u0151de), valamint az \u00f3vodai ell\u00e1t\u00e1shoz val\u00f3 hozz\u00e1f\u00e9r\u00e9s jav\u00edt\u00e1s\u00e1t \u00e9s a szolg\u00e1ltat\u00e1sok min\u0151s\u00e9g\u00e9nek fejleszt\u00e9s\u00e9t szolg\u00e1l\u00f3 felh\u00edv\u00e1s f\u0151 c\u00e9lja a kisgyermeket nevel\u0151k munkav\u00e1llal\u00e1s\u00e1nak [&hellip;]<\/p>\n","protected":false},"author":2,"featured_media":0,"parent":0,"menu_order":0,"comment_status":"closed","ping_status":"closed","template":"","meta":[],"_links":{"self":[{"href":"http:\/\/www.zadorfalva.hu\/index.php?rest_route=\/wp\/v2\/pages\/164"}],"collection":[{"href":"http:\/\/www.zadorfalva.hu\/index.php?rest_route=\/wp\/v2\/pages"}],"about":[{"href":"http:\/\/www.zadorfalva.hu\/index.php?rest_route=\/wp\/v2\/types\/page"}],"author":[{"embeddable":true,"href":"http:\/\/www.zadorfalva.hu\/index.php?rest_route=\/wp\/v2\/users\/2"}],"replies":[{"embeddable":true,"href":"http:\/\/www.zadorfalva.hu\/index.php?rest_route=%2Fwp%2Fv2%2Fcomments&post=164"}],"version-history":[{"count":10,"href":"http:\/\/www.zadorfalva.hu\/index.php?rest_route=\/wp\/v2\/pages\/164\/revisions"}],"predecessor-version":[{"id":384,"href":"http:\/\/www.zadorfalva.hu\/index.php?rest_route=\/wp\/v2\/pages\/164\/revisions\/384"}],"wp:attachment":[{"href":"http:\/\/www.zadorfalva.hu\/index.php?rest_route=%2Fwp%2Fv2%2Fmedia&parent=164"}],"curies":[{"name":"wp","href":"https:\/\/api.w.org\/{rel}","templated":true}]}}